{"id":4044,"date":"2022-07-28T09:30:36","date_gmt":"2022-07-28T08:30:36","guid":{"rendered":"https:\/\/bestatterportal.ch\/impronta\/"},"modified":"2025-04-16T16:21:57","modified_gmt":"2025-04-16T15:21:57","slug":"impronta","status":"publish","type":"page","link":"https:\/\/bestatter.ch\/it\/impronta\/","title":{"rendered":"Impressum"},"content":{"rendered":"<div class=\"section  dot-bg hero\">\n      <div class=\"container-xl\">\n        <div class=\"row row-cols-1 row-cols-md-2 align-items-center\">\n          <div class=\"col\">\n            <div class=\"get-child-height\">\n              <img decoding=\"async\" class=\"img-oversized smaller\" src=\"https:\/\/bestatter.ch\/wp-content\/uploads\/2022\/04\/vater-kind.png\" alt=\"\">\n            <\/div>\n          <\/div>\n          <div class=\"col ps-lg-3 ps-xxl-5 text\">\n            <p class=\"newp\">\n                    Caro padrino            <\/p>\n            <h2 class=\" newh1\">\n            Quello che mi avete insegnato rimarr\u00e0 con me per tutta la vita.            <\/h2>\n          <\/div>\n        <\/div>\n      <\/div>\n    <\/div> <div class=\"section img-text\">\n        <div class=\"container-xl\">\n          <div class=\"row row-cols-1 row-cols-lg-2 align-items-center img-left\">\n            <div class=\"col\"> <!-- Insert content from wp -->\n            \n                             <h1>\n                Impressum              <\/h1>\n                             <p>\n               <h3>Ente responsabile:<\/h3>\n<p> Associazione svizzera dei servizi funebri ASSF<br \/> Ufficio ASSF<br \/> 3000 Berna<br \/> Svizzera<br \/> E-mail: info@bestatter.ch<\/p>\n<h3>Rappresentanti autorizzati<\/h3>\n<p> Philipp Messer<\/p>\n<h3>Nome della societ\u00e0:<\/h3>\n<p> Associazione svizzera dei servizi funebri ASSF<\/p>\n<h3>Numero di registrazione:<\/h3>\n<p> CHE-107.177.048<\/p>\n<h3>Numero di identificazione IVA:<\/h3>\n<p> CHE-107.177.048 IVA<\/p>\n<h3>Esclusione di responsabilit\u00e0<\/h3>\n<p> L&#8217;autore non garantisce la correttezza, l&#8217;accuratezza, l&#8217;attualit\u00e0, l&#8217;affidabilit\u00e0 e la completezza delle informazioni. Le richieste di risarcimento per danni causati dall&#8217;uso delle informazioni fornite, comprese quelle incomplete o errate, saranno pertanto respinte.<\/p>\n<p> Tutte le offerte sono soggette a modifiche. L&#8217;autore si riserva espressamente il diritto di modificare, integrare o cancellare parti delle pagine o l&#8217;intero sito web senza preavviso, o di interrompere temporaneamente o definitivamente la pubblicazione.<\/p>\n<h3>Esclusione di responsabilit\u00e0 per i contenuti e i link<\/h3>\n<p> I riferimenti e i link a siti web di terzi non rientrano nella responsabilit\u00e0 della societ\u00e0. Si declina ogni responsabilit\u00e0 per tali siti web. L&#8217;accesso e l&#8217;utilizzo di tali siti web \u00e8 a rischio dell&#8217;utente.<\/p>\n<h3>Dichiarazione di copyright<\/h3>\n<p> I diritti d&#8217;autore e tutti gli altri diritti sui contenuti, le immagini, le foto o altri file di questo sito web appartengono esclusivamente all&#8217;Associazione svizzera dei servizi funebri ASSF o ai titolari dei diritti specificamente indicati. Per la riproduzione di qualsiasi elemento \u00e8 necessario ottenere preventivamente il consenso scritto del titolare del copyright.<\/p>\n              <\/p>\n            <\/div>\n            <div class=\"col\">\n              <div class=\"get-child-height\">\n                     <img decoding=\"async\"    src=\"https:\/\/bestatter.ch\/wp-content\/uploads\/2021\/08\/fleck2-min.png\" alt=\"Schweiz. Verband der Bestattungsdienste Uno schizzo di vernice blu su sfondo verde.\" class=\"img-oversized\"\/>\n                 \n              <\/div>\n            <\/div>\n          <\/div>\n        <\/div>\n         <style type=\"text\/css\">\n       .h1{\n            color:  !important;\n            font-size: px !important;\n            }\n        \n        \n    <\/style>\n      <\/div>\n \n   ","protected":false},"excerpt":{"rendered":"<p>Caro pap\u00e0 L\u2019amore per il ciclismo ci unir\u00e0 sempre.<\/p>\n","protected":false},"author":6,"featured_media":0,"parent":0,"menu_order":0,"comment_status":"closed","ping_status":"closed","template":"","meta":{"_acf_changed":false,"ep_latitude":0,"ep_longitude":0,"ep_address":"","ep_exclude_from_search":false,"_vp_format_video_url":"","_vp_image_focal_point":[],"footnotes":""},"class_list":["post-4044","page","type-page","status-publish","hentry"],"acf":{"font":"","background_shape":"type3"},"_links":{"self":[{"href":"https:\/\/bestatter.ch\/it\/wp-json\/wp\/v2\/pages\/4044","targetHints":{"allow":["GET"]}}],"collection":[{"href":"https:\/\/bestatter.ch\/it\/wp-json\/wp\/v2\/pages"}],"about":[{"href":"https:\/\/bestatter.ch\/it\/wp-json\/wp\/v2\/types\/page"}],"author":[{"embeddable":true,"href":"https:\/\/bestatter.ch\/it\/wp-json\/wp\/v2\/users\/6"}],"replies":[{"embeddable":true,"href":"https:\/\/bestatter.ch\/it\/wp-json\/wp\/v2\/comments?post=4044"}],"version-history":[{"count":0,"href":"https:\/\/bestatter.ch\/it\/wp-json\/wp\/v2\/pages\/4044\/revisions"}],"wp:attachment":[{"href":"https:\/\/bestatter.ch\/it\/wp-json\/wp\/v2\/media?parent=4044"}],"curies":[{"name":"wp","href":"https:\/\/api.w.org\/{rel}","templated":true}]}}