{"id":4166,"date":"2022-07-26T07:59:24","date_gmt":"2022-07-26T06:59:24","guid":{"rendered":"https:\/\/bestatterportal.ch\/annonces-demploi\/"},"modified":"2025-04-18T17:27:33","modified_gmt":"2025-04-18T16:27:33","slug":"portail-demploi-svb-annonces-demploi-confidentielles-et-efficaces","status":"publish","type":"page","link":"https:\/\/bestatter.ch\/fr\/portail-demploi-svb-annonces-demploi-confidentielles-et-efficaces\/","title":{"rendered":"Annonces d&#8217;emploi"},"content":{"rendered":"<div class=\"section  dot-bg hero\">\n      <div class=\"container-xl\">\n        <div class=\"row row-cols-1 row-cols-md-2 align-items-center\">\n          <div class=\"col\">\n            <div class=\"get-child-height\">\n              <img decoding=\"async\" class=\"img-oversized smaller\" src=\"https:\/\/bestatter.ch\/wp-content\/uploads\/2022\/11\/sonne.avif\" alt=\"\">\n            <\/div>\n          <\/div>\n          <div class=\"col ps-lg-3 ps-xxl-5 text\">\n            <p class=\"newp\">\n                    Cher tr\u00e9sor            <\/p>\n            <h2 class=\" newh1\">\n            Merci pour ces aventures inoubliables.            <\/h2>\n          <\/div>\n        <\/div>\n      <\/div>\n    <\/div> <div class=\"section img-text\">\n        <div class=\"container-xl\">\n          <div class=\"row row-cols-1 row-cols-lg-2 align-items-center img-left\">\n            <div class=\"col\"> <!-- Insert content from wp -->\n            \n                             <h1>\n                Les membres de l&rsquo;ASM peuvent publier des offres d&#8217;emploi ici              <\/h1>\n                             <p>\n               <p>Das Stellenportal richtet sich an unsere Mitglieder. Hier d\u00fcrfen Sie unter ihrem Namen oder auch anonym Stellen ausschreiben. Die Bewerbungen gelangen dann an das Sekretariat und dieses gibt es an das Mitglied weiter. So bleiben die Informationen vertraulich.u003cbru003eu003cbru003eNicht Mitglieder d\u00fcrfen auch das Stellenportal nutzen, jedoch ist es in dem Fall kostenpflichtig. Es wird eine Einmalgeb\u00fchr f\u00fcr die Aufschaltung w\u00e4hrend einem Monat von CHF 200.- f\u00e4llig.<\/p>\n              <\/p>\n            <\/div>\n            <div class=\"col\">\n              <div class=\"get-child-height\">\n                     <img decoding=\"async\"    src=\"https:\/\/bestatter.ch\/wp-content\/uploads\/2022\/04\/11.png\" alt=\"Schweiz. Verband der Bestattungsdienste Un champ de bl\u00e9 avec des arbres en arri\u00e8re-plan.\" class=\"img-oversized\"\/>\n                 \n              <\/div>\n            <\/div>\n          <\/div>\n        <\/div>\n         <style type=\"text\/css\">\n       .h1{\n            color:  !important;\n            font-size: px !important;\n            }\n        \n        \n    <\/style>\n      <\/div>\n \n   ","protected":false},"excerpt":{"rendered":"<p>Cher parrain Ce que tu m&rsquo;as montr\u00e9 me restera toute ma vie.<\/p>\n","protected":false},"author":6,"featured_media":0,"parent":0,"menu_order":0,"comment_status":"closed","ping_status":"closed","template":"","meta":{"_acf_changed":false,"ep_latitude":0,"ep_longitude":0,"ep_address":"","ep_exclude_from_search":false,"_vp_format_video_url":"","_vp_image_focal_point":[],"footnotes":""},"class_list":["post-4166","page","type-page","status-publish","hentry"],"acf":{"font":"","background_shape":"type3"},"_links":{"self":[{"href":"https:\/\/bestatter.ch\/fr\/wp-json\/wp\/v2\/pages\/4166","targetHints":{"allow":["GET"]}}],"collection":[{"href":"https:\/\/bestatter.ch\/fr\/wp-json\/wp\/v2\/pages"}],"about":[{"href":"https:\/\/bestatter.ch\/fr\/wp-json\/wp\/v2\/types\/page"}],"author":[{"embeddable":true,"href":"https:\/\/bestatter.ch\/fr\/wp-json\/wp\/v2\/users\/6"}],"replies":[{"embeddable":true,"href":"https:\/\/bestatter.ch\/fr\/wp-json\/wp\/v2\/comments?post=4166"}],"version-history":[{"count":0,"href":"https:\/\/bestatter.ch\/fr\/wp-json\/wp\/v2\/pages\/4166\/revisions"}],"wp:attachment":[{"href":"https:\/\/bestatter.ch\/fr\/wp-json\/wp\/v2\/media?parent=4166"}],"curies":[{"name":"wp","href":"https:\/\/api.w.org\/{rel}","templated":true}]}}