{"id":4046,"date":"2022-07-28T09:30:36","date_gmt":"2022-07-28T08:30:36","guid":{"rendered":"https:\/\/bestatterportal.ch\/mentions-legales\/"},"modified":"2023-10-26T09:53:59","modified_gmt":"2023-10-26T08:53:59","slug":"mentions-legales","status":"publish","type":"page","link":"https:\/\/bestatter.ch\/fr\/mentions-legales\/","title":{"rendered":"Mentions l\u00e9gales"},"content":{"rendered":"<div class=\"section  dot-bg hero\">\n      <div class=\"container-xl\">\n        <div class=\"row row-cols-1 row-cols-md-2 align-items-center\">\n          <div class=\"col\">\n            <div class=\"get-child-height\">\n              <img decoding=\"async\" class=\"img-oversized smaller\" src=\"https:\/\/bestatter.ch\/wp-content\/uploads\/2021\/08\/omi.png\" alt=\"\">\n            <\/div>\n          <\/div>\n          <div class=\"col ps-lg-3 ps-xxl-5 text\">\n            <p class=\"newp\">\n                    Liebes Grosi            <\/p>\n            <h1 class=\" newh1\">\n            Die Tage am See bleiben f\u00fcr immer in meiner Erinnerung.            <\/h1>\n          <\/div>\n        <\/div>\n      <\/div>\n    <\/div> <div class=\"section img-text\">\n        <div class=\"container-xl\">\n          <div class=\"row row-cols-1 row-cols-lg-2 align-items-center img-left\">\n            <div class=\"col\"> <!-- Insert content from wp -->\n            \n                             <h1>\n                Mentions l\u00e9gales              <\/h1>\n                             <p>\n               <h3>Instance responsable :<\/h3>\n<p> Association suisse des services fun\u00e9raires ASF<br \/>  Bureau<br \/>  3000 Berne<br \/> Suisse<br \/>  Courrier \u00e9lectronique : info@bestatter.ch<\/p>\n<h3>Personnes autoris\u00e9es \u00e0 repr\u00e9senter l&rsquo;association<\/h3>\n<p> Messer Philippe<\/p>\n<h3>Nom de l&rsquo;entreprise :<\/h3>\n<p> Association suisse des services fun\u00e9raires ASF<\/p>\n<h3>Num\u00e9ro d&rsquo;enregistrement :<\/h3>\n<p>  CHE-107.177.048<\/p>\n<h3>Num\u00e9ro d&rsquo;identification de la taxe sur le chiffre d&rsquo;affaires :<\/h3>\n<p>  CHE-107.177.048 TVA<\/p>\n<h3>Clause de non-responsabilit\u00e9<\/h3>\n<p>  L&rsquo;auteur ne garantit pas l&rsquo;exactitude, la pr\u00e9cision, l&rsquo;actualit\u00e9, la fiabilit\u00e9 et l&rsquo;exhaustivit\u00e9 des informations. L&rsquo;auteur ne saurait \u00eatre tenu pour responsable des dommages mat\u00e9riels ou immat\u00e9riels qui pourraient \u00eatre caus\u00e9s par l&rsquo;acc\u00e8s aux informations diffus\u00e9es ou par leur utilisation ou non-utilisation, par le mauvais usage de la connexion ou par des probl\u00e8mes techniques.<\/p>\n<p>  Toutes les offres sont sans engagement. L&rsquo;auteur se r\u00e9serve express\u00e9ment le droit de modifier, de compl\u00e9ter ou de supprimer des parties de pages ou l&rsquo;ensemble de l&rsquo;offre sans avis pr\u00e9alable, ou d&rsquo;en suspendre temporairement ou d\u00e9finitivement la publication.<\/p>\n<h3>Exclusion de responsabilit\u00e9 pour les contenus et les liens<\/h3>\n<p>  Les renvois et liens vers des sites web de tiers ne rel\u00e8vent pas de notre responsabilit\u00e9. Nous d\u00e9clinons toute responsabilit\u00e9 pour de tels sites. L&rsquo;acc\u00e8s \u00e0 de tels sites et leur utilisation se font aux risques et p\u00e9rils de l&rsquo;utilisateur concern\u00e9.<\/p>\n<h3>D\u00e9claration de droits d&rsquo;auteur<\/h3>\n<p>  Les droits d&rsquo;auteur et tous les autres droits li\u00e9s aux contenus, images, photos ou autres fichiers figurant sur ce site Internet sont la propri\u00e9t\u00e9 exclusive de l&rsquo;Association suisse des services fun\u00e9raires ASF ou des d\u00e9tenteurs de droits sp\u00e9cialement cit\u00e9s. Pour la reproduction de tout \u00e9l\u00e9ment, l&rsquo;accord \u00e9crit du d\u00e9tenteur des droits d&rsquo;auteur doit \u00eatre obtenu au pr\u00e9alable.<\/p>\n              <\/p>\n            <\/div>\n            <div class=\"col\">\n              <div class=\"get-child-height\">\n                     <img decoding=\"async\"    src=\"https:\/\/bestatter.ch\/wp-content\/uploads\/2021\/08\/fleck2-min.png\" alt=\"Schweiz. Verband der Bestattungsdienste Une \u00e9claboussure de peinture bleue sur fond vert.\" class=\"img-oversized\"\/>\n                 \n              <\/div>\n            <\/div>\n          <\/div>\n        <\/div>\n         <style type=\"text\/css\">\n       .h1{\n            color:  !important;\n            font-size: px !important;\n            }\n        \n        \n    <\/style>\n      <\/div>\n \n   ","protected":false},"excerpt":{"rendered":"<p>Liebes Mami Die Spazierg\u00e4nge im Park haben mir immer sehr viel bedeutet.<\/p>\n","protected":false},"author":6,"featured_media":0,"parent":0,"menu_order":0,"comment_status":"closed","ping_status":"closed","template":"","meta":{"_acf_changed":false,"ep_latitude":0,"ep_longitude":0,"ep_address":"","ep_exclude_from_search":false,"_vp_format_video_url":"","_vp_image_focal_point":[],"footnotes":""},"class_list":["post-4046","page","type-page","status-publish","hentry"],"acf":{"font":"","background_shape":"type3"},"_links":{"self":[{"href":"https:\/\/bestatter.ch\/fr\/wp-json\/wp\/v2\/pages\/4046","targetHints":{"allow":["GET"]}}],"collection":[{"href":"https:\/\/bestatter.ch\/fr\/wp-json\/wp\/v2\/pages"}],"about":[{"href":"https:\/\/bestatter.ch\/fr\/wp-json\/wp\/v2\/types\/page"}],"author":[{"embeddable":true,"href":"https:\/\/bestatter.ch\/fr\/wp-json\/wp\/v2\/users\/6"}],"replies":[{"embeddable":true,"href":"https:\/\/bestatter.ch\/fr\/wp-json\/wp\/v2\/comments?post=4046"}],"version-history":[{"count":0,"href":"https:\/\/bestatter.ch\/fr\/wp-json\/wp\/v2\/pages\/4046\/revisions"}],"wp:attachment":[{"href":"https:\/\/bestatter.ch\/fr\/wp-json\/wp\/v2\/media?parent=4046"}],"curies":[{"name":"wp","href":"https:\/\/api.w.org\/{rel}","templated":true}]}}