{"id":4019,"date":"2021-08-16T08:33:32","date_gmt":"2021-08-16T07:33:32","guid":{"rendered":"https:\/\/bestatterportal.ch\/newpage\/"},"modified":"2023-01-20T15:12:15","modified_gmt":"2023-01-20T14:12:15","slug":"newpage","status":"publish","type":"page","link":"https:\/\/bestatter.ch\/fr\/newpage\/","title":{"rendered":"newpage"},"content":{"rendered":"<div class=\"section  dot-bg hero\">\n      <div class=\"container-xl\">\n        <div class=\"row row-cols-1 row-cols-md-2 align-items-center\">\n          <div class=\"col\">\n            <div class=\"get-child-height\">\n              <img decoding=\"async\" class=\"img-oversized smaller\" src=\"https:\/\/bestatter.ch\/wp-content\/uploads\/2021\/08\/omi.png\" alt=\"\">\n            <\/div>\n          <\/div>\n          <div class=\"col ps-lg-3 ps-xxl-5 text\">\n            <p class=\"newp\">\n                    Ch\u00e8re Grand-m\u00e8re            <\/p>\n            <h1 class=\" newh1\">\n            Les jours pass\u00e9s au bord du lac resteront \u00e0 jamais grav\u00e9s dans ma m\u00e9moire.            <\/h1>\n          <\/div>\n        <\/div>\n      <\/div>\n    <\/div> \n<p>nouvelles donn\u00e9es de la page<\/p>\n","protected":false},"excerpt":{"rendered":"<p>Ch\u00e8re Grand-m\u00e8re Les jours pass\u00e9s au bord du lac resteront \u00e0 jamais grav\u00e9s dans ma m\u00e9moire. nouvelles donn\u00e9es de la page<\/p>\n","protected":false},"author":6,"featured_media":0,"parent":0,"menu_order":0,"comment_status":"closed","ping_status":"closed","template":"test.php","meta":{"_acf_changed":false,"ep_latitude":0,"ep_longitude":0,"ep_address":"","ep_exclude_from_search":false,"_vp_format_video_url":"","_vp_image_focal_point":[],"footnotes":""},"class_list":["post-4019","page","type-page","status-publish","hentry"],"acf":{"font":""},"_links":{"self":[{"href":"https:\/\/bestatter.ch\/fr\/wp-json\/wp\/v2\/pages\/4019","targetHints":{"allow":["GET"]}}],"collection":[{"href":"https:\/\/bestatter.ch\/fr\/wp-json\/wp\/v2\/pages"}],"about":[{"href":"https:\/\/bestatter.ch\/fr\/wp-json\/wp\/v2\/types\/page"}],"author":[{"embeddable":true,"href":"https:\/\/bestatter.ch\/fr\/wp-json\/wp\/v2\/users\/6"}],"replies":[{"embeddable":true,"href":"https:\/\/bestatter.ch\/fr\/wp-json\/wp\/v2\/comments?post=4019"}],"version-history":[{"count":0,"href":"https:\/\/bestatter.ch\/fr\/wp-json\/wp\/v2\/pages\/4019\/revisions"}],"wp:attachment":[{"href":"https:\/\/bestatter.ch\/fr\/wp-json\/wp\/v2\/media?parent=4019"}],"curies":[{"name":"wp","href":"https:\/\/api.w.org\/{rel}","templated":true}]}}