{"id":4016,"date":"2022-04-11T09:05:59","date_gmt":"2022-04-11T08:05:59","guid":{"rendered":"https:\/\/bestatterportal.ch\/stimulateurs-cardiaques-et-pieces-etrangeres-dans-le-corps\/"},"modified":"2025-04-15T09:57:08","modified_gmt":"2025-04-15T08:57:08","slug":"pacemakers-et-funerailles-informations-importantes","status":"publish","type":"page","link":"https:\/\/bestatter.ch\/fr\/pacemakers-et-funerailles-informations-importantes\/","title":{"rendered":"Stimulateurs cardiaques et pi\u00e8ces \u00e9trang\u00e8res dans le corps"},"content":{"rendered":"<div class=\"section  dot-bg hero\">\n      <div class=\"container-xl\">\n        <div class=\"row row-cols-1 row-cols-md-2 align-items-center\">\n          <div class=\"col\">\n            <div class=\"get-child-height\">\n              <img decoding=\"async\" class=\"img-oversized smaller\" src=\"https:\/\/bestatter.ch\/wp-content\/uploads\/2021\/08\/omi.png\" alt=\"\">\n            <\/div>\n          <\/div>\n          <div class=\"col ps-lg-3 ps-xxl-5 text\">\n            <p class=\"newp\">\n                    Ch\u00e8re Grand-m\u00e8re            <\/p>\n            <h1 class=\" newh1\">\n            Les jours pass\u00e9s au bord du lac resteront \u00e0 jamais grav\u00e9s dans ma m\u00e9moire.            <\/h1>\n          <\/div>\n        <\/div>\n      <\/div>\n    <\/div> <style>\n\t.subh {\n\t\tcolor: #212529 ;\n\n\t}\n\t.newh {\n\t\tcolor: #2f5d63 ;\n\t}\n<\/style>\n  <div class=\"section bg-brand-light fleck fleck3\">\n    <div class=\"container-xl\">\n      <div class=\"row\">\n        <div class=\"col-12\">\n         \t<p class=\"mb-0 fs-5 subh\"> Haben Sie Fragen? <\/p>\n      \t\t<h3 class=\"newh\"> Stellen Sie eine pers\u00f6nliche Frage <\/h3>\n\t\t\t<style>\n\t.search-bar-searchsection-defualt {\n\t\tborder: 4px solid #2F5D63 !important;\n\t\tborder-radius: 15px !important;\n\t}\n\n\t.search-bar-searchsection-defualt form .input-group input[type=\"search\"] {\n\t\tborder: none;\n\t\tmargin: 0;\n\t\tpadding-right: 0;\n\t}\n\n\t.search-bar-searchsection-defualt form .input-group input[type=\"search\"]:focus,\n\t.search-bar-searchsection-defualt form .input-group input[type=\"search\"]:active {\n\t\tborder: none;\n\t\tbox-shadow: none;\n\t\toutline: none;\n\t}\n\n\t.search-bar-searchsection-defualt form .input-group button[type=\"submit\"] {\n\t\tbackground: #fff;\n\t\tborder: none;\n\t\tbackground-color: #fff;\n\t\tpadding: 0.75rem 1rem;\n\t}\n\n\t.search-bar-searchsection-defualt form .input-group button[type=\"submit\"] img {\n\t\theight: 2em;\n\t\twidth: 2em;\n\t}\n\n\t.search-bar-searchsection-defualt .autocomplete-box {\n\t\tposition: absolute;\n\t\tmargin-top: 10px;\n\t\twidth: 100%;\n\t\toverflow-y: auto;\n\t\tdisplay: none;\n\t\tz-index: 1000;\n\t\tborder: 4px solid #2F5D63;\n\t\tborder-radius: 0px 0px 20px 20px;\n\t\tbackground-color: #ffffff;\n\t}\n\n\t.search-bar-searchsection-defualt .autocomplete-box.active {\n\t\tdisplay: block;\n\t}\n\n\t.search-bar-searchsection-defualt .autocomplete-box ul {\n\t\tmargin: 0;\n\t\tpadding: 0;\n\t\tlist-style: none;\n\t}\n\n\t.search-bar-searchsection-defualt .autocomplete-box li {\n\t\tpadding: 5px 15px;\n\t\tcursor: pointer;\n\t\tline-height: 1.4;\n\t\tfont-size: 1rem;\n\t\tcolor: #212121;\n\t\tfont-weight: 400;\n\t}\n\n\t.search-bar-searchsection-defualt .autocomplete-box li:hover {\n\t\tbackground: #f0f0f0;\n\t}\n<\/style>\n\n<div class=\"search-container mb-5\">\n\t<div class=\"search-bar-searchsection-defualt position-relative\">\n\t\t<form id=\"defualt-search-form\" class=\"defualt-search-form\">\n\t\t\t<div class=\"input-group\">\n\t\t\t\t<input type=\"search\"\n\t\t\t\t\t   id=\"defualt-search-input\"\n\t\t\t\t\t   class=\"form-control\"\n\t\t\t\t\t   placeholder=\"Rechercher par lieu ou par th\u00e8me\u2026\"\n\t\t\t\t\t   autocomplete=\"off\">\n\t\t\t\t<button type=\"submit\" class=\"btn btn-primary\">\n\t\t\t\t\t<img decoding=\"async\" src=\"https:\/\/bestatter.ch\/wp-content\/themes\/bestatter-ch\/bestatterfile\/assets\/searchglass.png\" alt=\"Search Icon\" class=\"Icon-image\">\n\t\t\t\t<\/button>\n\t\t\t<\/div>\n\t\t\t<div class=\"autocomplete-box\"><\/div>\n\t\t<\/form>\n\t<\/div>\n<\/div>\n\n<script>\n\tjQuery(document).ready(function ($) {\n\t\t\/\/ === CONFIG \/ PHP \u2192 JS ===\n\t\tconst BESTATTER_AUTOCOMPLETE_ENDPOINT = \"https:\/\/bestatter.ch\/fr\/wp-json\/bestatter\/v1\/autocomplete\";\n\t\tconst IS_SEARCH_ONLY                  = false;\n\t\tconst RESULT_BASE_URL                 = \"https:\/\/bestatter.ch\/fr\/result\/\";\n\n\t\t\/\/ Icon paths\n\t\tconst SEARCH_ICON_SRC  = \"https:\/\/bestatter.ch\/wp-content\/themes\/bestatter-ch\/bestatterfile\/assets\/searchglass.png\";\n\t\tconst SPINNER_ICON_SRC = \"https:\/\/bestatter.ch\/wp-content\/themes\/bestatter-ch\/bestatterfile\/assets\/spinner.svg\";\n\n\t\t\/\/ This instance's section key (e.g. \"footer\", \"header\")\n\t\tconst SECTION_KEY = \"defualt\";\n\t\tconst lang = \"fr\";\n\t\tconst FIXED_SUGGESTIONS = {\n\t\t\tde: [\n\t\t\t\t\"Was kostet eine Bestattungsvorsorge?\",\n\t\t\t\t\"Was tun im Todesfall?\",\n\t\t\t],\n\t\t\ten: [\n\t\t\t\t\"What does a funeral pre-arrangement cost?\",\n\t\t\t\t\"What to do in case of death?\",\n\t\t\t],\n\t\t\tfr: [\n\t\t\t\t\"Combien coute une prevoyance funeraire ?\",\n\t\t\t\t\"Que faire en cas de deces ?\",\n\t\t\t],\n\t\t\tit: [\n\t\t\t\t\"Quanto costa una previdenza funeraria?\",\n\t\t\t\t\"Cosa fare in caso di decesso?\",\n\t\t\t],\n\t\t};\n\n\t\t\/\/ Dynamic selectors based on section\n\t\tconst formSelector        = \"#\" + SECTION_KEY + \"-search-form\";\n\t\tconst inputSelector       = \"#\" + SECTION_KEY + \"-search-input\";\n\t\tconst boxSelector         = formSelector + \" .autocomplete-box\";\n\t\tconst buttonImgSelector   = formSelector + ' button[type=\"submit\"] img';\n\n\t\t\/\/ === Autocomplete state for this instance ===\n\t\tlet autocompleteTimer           = null;\n\t\tlet autocompleteController      = null;\n\t\tlet autocompleteCache           = {};\n\t\tlet autocompleteLastRequestId   = 0;\n\t\tlet autocompleteLastHandledId   = 0;\n\t\tlet currentLoadingRequestId     = 0; \/\/ tracks which request controls the spinner\n\n\t\t\/\/ === Helpers ===\n\t\tfunction redirectToResult(queryText) {\n\t\t\tconst q = queryText.trim();\n\t\t\tif (!q) return;\n\t\t\tconst url = RESULT_BASE_URL + '?query=' + encodeURIComponent(q) + '&page=1';\n\t\t\twindow.location.href = url;\n\t\t}\n\n\t\tfunction setButtonLoading(isLoading, requestId) {\n\t\t\t\/\/ If we're tying spinner to a specific request, ensure only that request can turn it off\n\t\t\tif (typeof requestId !== \"undefined\" && !isLoading && requestId !== currentLoadingRequestId) {\n\t\t\t\t\/\/ Not the latest request, don't change spinner\n\t\t\t\treturn;\n\t\t\t}\n\n\t\t\tconst img = document.querySelector(buttonImgSelector);\n\t\t\tif (!img) return;\n\n\t\t\tif (isLoading) {\n\t\t\t\timg.src = SPINNER_ICON_SRC;\n\t\t\t} else {\n\t\t\t\timg.src = SEARCH_ICON_SRC;\n\t\t\t}\n\t\t}\n\n\t\tfunction selectSuggestion(text) {\n\t\t\tconst input = document.querySelector(inputSelector);\n\t\t\tconst box   = document.querySelector(boxSelector);\n\t\t\tif (!input || !box) return;\n\n\t\t\tinput.value = text;\n\t\t\tbox.innerHTML = \"\";\n\t\t\tbox.classList.remove(\"active\");\n\n\t\t\tredirectToResult(text);\n\t\t}\n\n\t\t\/\/ --- Autocomplete rendering ---\n\t\tfunction renderAutocomplete(box, titles) {\n\t\t\tif (!titles || !titles.length) {\n\t\t\t\tbox.innerHTML = \"\";\n\t\t\t\tbox.classList.remove(\"active\");\n\t\t\t\treturn;\n\t\t\t}\n\n\t\t\tlet html = \"<ul>\";\n\t\t\ttitles.forEach((title) => {\n\t\t\t\thtml += '<li class=\"autocomplete-item\" data-value=\"' + title + '\">' + title + '<\/li>';\n\t\t\t});\n\t\t\thtml += \"<\/ul>\";\n\n\t\t\tbox.innerHTML = html;\n\t\t\tbox.classList.add(\"active\");\n\n\t\t\tbox.querySelectorAll(\".autocomplete-item\").forEach((li) => {\n\t\t\t\tli.addEventListener(\"click\", function () {\n\t\t\t\t\tconst val = this.getAttribute(\"data-value\");\n\t\t\t\t\tselectSuggestion(val);\n\t\t\t\t});\n\t\t\t});\n\t\t}\n\n\t\tfunction showFixedSuggestionsIfEmpty() {\n\t\t\tif (!FIXED_SUGGESTIONS || typeof FIXED_SUGGESTIONS !== \"object\" || Object.keys(FIXED_SUGGESTIONS).length === 0) return;\n\n\t\t\tconst input = document.querySelector(inputSelector);\n\t\t\tconst box   = document.querySelector(boxSelector);\n\t\t\tif (!input || !box) return;\n\n\t\t\tconst q = input.value.trim();\n\t\t\tif (q !== \"\") return;\n\n\t\t\t\/\/ No spinner for fixed suggestions\n\t\t\trenderAutocomplete(box, FIXED_SUGGESTIONS[lang]);\n\t\t}\n\n\t\t\/\/ --- Autocomplete main ---\n\t\tfunction runAutocomplete(searchText) {\n\t\t\tconst input = document.querySelector(inputSelector);\n\t\t\tconst box   = document.querySelector(boxSelector);\n\t\t\tif (!input || !box) return;\n\n\t\t\tconst q = searchText.trim();\n\t\t\tif (!q) {\n\t\t\t\tbox.innerHTML = \"\";\n\t\t\t\tbox.classList.remove(\"active\");\n\t\t\t\treturn;\n\t\t\t}\n\n\t\t\t\/\/ 1) From cache (no loading state)\n\t\t\tif (autocompleteCache[q]) {\n\t\t\t\trenderAutocomplete(box, autocompleteCache[q]);\n\t\t\t\treturn;\n\t\t\t}\n\n\t\t\t\/\/ 2) Cancel previous request\n\t\t\tif (autocompleteController) {\n\t\t\t\tautocompleteController.abort();\n\t\t\t}\n\n\t\t\tconst controller = new AbortController();\n\t\t\tautocompleteController = controller;\n\n\t\t\tconst requestId = ++autocompleteLastRequestId;\n\t\t\tcurrentLoadingRequestId = requestId;\n\t\t\tsetButtonLoading(true, requestId);\n\n\t\t\taxios.get(BESTATTER_AUTOCOMPLETE_ENDPOINT, {\n\t\t\t\tparams: { q, limit: 10 },\n\t\t\t\tsignal: controller.signal,\n\t\t\t})\n\t\t\t\t.then((response) => {\n\t\t\t\t\/\/ Ignore outdated responses\n\t\t\t\tif (requestId < autocompleteLastHandledId) {\n\t\t\t\t\tsetButtonLoading(false, requestId);\n\t\t\t\t\treturn;\n\t\t\t\t}\n\t\t\t\tautocompleteLastHandledId = requestId;\n\n\t\t\t\tlet titles = [];\n\t\t\t\tif (response.data.titles) {\n\t\t\t\t\ttitles = response.data.titles;\n\t\t\t\t}\n\n\t\t\t\tautocompleteCache[q] = titles;\n\t\t\t\trenderAutocomplete(box, titles);\n\t\t\t\tsetButtonLoading(false, requestId);\n\t\t\t})\n\t\t\t\t.catch((error) => {\n\t\t\t\t\/\/ Even if aborted, if this was the current loading request, stop spinner\n\t\t\t\tsetButtonLoading(false, requestId);\n\t\t\t\tif (\n\t\t\t\t\t(controller.signal && controller.signal.aborted) ||\n\t\t\t\t\terror.name === \"CanceledError\" ||\n\t\t\t\t\terror.code === \"ERR_CANCELED\"\n\t\t\t\t) {\n\t\t\t\t\treturn;\n\t\t\t\t}\n\t\t\t\tconsole.error(\"Autocomplete error:\", error);\n\t\t\t});\n\t\t}\n\n\t\tfunction attachSearchHandlers() {\n\t\t\tconst form  = document.querySelector(formSelector);\n\t\t\tconst input = document.querySelector(inputSelector);\n\t\t\tconst box   = document.querySelector(boxSelector);\n\t\t\tif (!form || !input || !box) return;\n\n\t\t\tform.addEventListener('submit', function (e) {\n\t\t\t\te.preventDefault();\n\t\t\t\tconst q = input.value.trim();\n\t\t\t\tif (q !== '') {\n\t\t\t\t\tredirectToResult(q);\n\t\t\t\t}\n\t\t\t});\n\n\t\t\tinput.addEventListener('focus', function () {\n\t\t\t\tshowFixedSuggestionsIfEmpty();\n\t\t\t});\n\n\t\t\tinput.addEventListener('keydown', function (e) {\n\t\t\t\tif (e.key === 'Enter') {\n\t\t\t\t\te.preventDefault();\n\t\t\t\t\tconst q = input.value.trim();\n\t\t\t\t\tif (q !== '') {\n\t\t\t\t\t\tredirectToResult(q);\n\t\t\t\t\t}\n\t\t\t\t\tbox.innerHTML = \"\";\n\t\t\t\t\tbox.classList.remove(\"active\");\n\t\t\t\t}\n\t\t\t});\n\n\t\t\tinput.addEventListener(\"keyup\", function () {\n\t\t\t\tconst q = this.value.trim();\n\t\t\t\tif (q === \"\") {\n\t\t\t\t\tclearTimeout(autocompleteTimer);\n\t\t\t\t\tshowFixedSuggestionsIfEmpty();\n\t\t\t\t\treturn;\n\t\t\t\t}\n\n\t\t\t\t\/\/ Debounce API calls\n\t\t\t\tclearTimeout(autocompleteTimer);\n\t\t\t\tconst currentValue = q;\n\t\t\t\tautocompleteTimer = setTimeout(() => {\n\t\t\t\t\trunAutocomplete(currentValue);\n\t\t\t\t}, 150);\n\t\t\t});\n\t\t}\n\n\t\tattachSearchHandlers();\n\n\t\t\/\/ Close autocomplete when clicking outside\n\t\tdocument.addEventListener(\"click\", function (e) {\n\t\t\tconst input = document.querySelector(inputSelector);\n\t\t\tconst box   = document.querySelector(boxSelector);\n\n\t\t\tif (!box || !input) return;\n\n\t\t\tif (!box.contains(e.target) && e.target !== input) {\n\t\t\t\tbox.innerHTML = \"\";\n\t\t\t\tbox.classList.remove(\"active\");\n\t\t\t}\n\t\t});\n\t});\n<\/script>\n          \t<p class=\"newp\"> Das Portal bestatter.ch beantwortet Ihnen alle Fragen rund um die Themen Bestattung und Bestattungsvorsorge. <\/p>\n        <\/div>\n      <\/div>\n    <\/div>\n  <\/div>\n\n <div class=\"section img-text\">\n        <div class=\"container-xl\">\n          <div class=\"row row-cols-1 row-cols-lg-2 align-items-center img-left\">\n            <div class=\"col\"> <!-- Insert content from wp -->\n            \n                             <h1>\n                Stimulateur cardiaque              <\/h1>\n                             <p>\n               <p>Herzschrittmacher helfen j\u00e4hrlich Millionen von Menschen wieder aktiv am Leben teilzunehmen.rnIn manchen F\u00e4llen, sind Herzschrittmacher vor der Kremation oder Erdbestattung zu entfernen. Die Trauerfamilie kann daf\u00fcr den Arzt oder Bestatter beauftragen. Allerdings d\u00fcrfen nur bef\u00e4higte Bestatter*innen den Herzschrittmacher entfernen.<\/p>\n              <\/p>\n            <\/div>\n            <div class=\"col\">\n              <div class=\"get-child-height\">\n                     <img decoding=\"async\"    src=\"https:\/\/bestatter.ch\/wp-content\/uploads\/2022\/04\/08-e1674738621367.png\" alt=\"Schweiz. Verband der Bestattungsdienste Une personne faisant du v\u00e9lo pr\u00e8s d\u2019un pont.\" class=\"img-oversized\"\/>\n                 \n              <\/div>\n            <\/div>\n          <\/div>\n        <\/div>\n         <style type=\"text\/css\">\n       .h1{\n            color:  !important;\n            font-size: px !important;\n            }\n        \n        \n    <\/style>\n      <\/div>\n \n    <!-- [C]CTA 1 -->\n        <div class=\"section dot-bg-gradient\"> <!--- class dot-bg can be replaced with bg-brand-primary - dynamic -->\n          <div class=\"container-xl\">\n            <div class=\"row\">           \n              <div class=\"col-sm\">\n                <h3 class=\"subz\">Trouver la bonne entreprise de pompes fun\u00e8bres<\/h3>\n       \n                <p class=\"newz\">\n                 Das schweizerische Bestattungsportal.                <\/p>\n              <\/div>\n              <div class=\"col-sm offset-md-1 align-self-center\">\n                <a class=\"big-button\" href=\"#footer\">\n                  <div class=\"row\">\n                    <div class=\"col-auto\">\n                      <div class=\"icon\">\n                        <i class=\"fas fa-search\"><\/i> <!--- Not dynamic -->\n                      <\/div>\n                    <\/div>\n                    <div class=\"col offset-md-1 align-self-center\">\n                      <div class=\"text\">Trouver une entreprise de pompes fun\u00e8bres<\/div> <!--- dynamic content -->\n                    <\/div>\n                  <\/div>\n                <\/a>\n              <\/div>\n            <\/div>\n          <\/div>\n          <style type=\"text\/css\">\n            .subz{\n            color: #2f5d63 ;\n            font-size: px !important;\n            }\n\n           .newz{\n            color:  ;\n            \n            }\n            \n        \n          @media only screen and (max-width: 600px) {\n           \n            .subz{\n            font-size: px!important;\n            }\n             }\n           \n    <\/style>\n        <\/div>\n\n \n\t\t<div class=\"section faqs\">\n\t\t\t<h3 class=\"mb-5 text-center\"><\/h3>\n\t\t\t<div class=\"container-xl\">\n\t\t\t\t<div class=\"row\"><div class=\"col-md-6 odd\">\n\t\t\t<div class=\"collapse-container collapsed\">\n\t\t\t\t<div class=\"card\" itemscope itemtype=\"https:\/\/schema.org\/Question\">\n\t\t\t\t\t<div class=\"\" data-bs-toggle=\"collapse\" href=\"#collapseExample88291291862730\">\n\t\t\t\t\t\t<div class=\"faq-header\"> \n\t\t\t\t\t\t\t<h5 class=\"question\" itemprop=\"name\" style=\"color:#2F5D63;\">Peut-on proc\u00e9der \u00e0 une cr\u00e9mation si la personne d\u00e9c\u00e9d\u00e9e a une articulation de la hanche artificielle ?<\/h5>\n\t\t\t\t\t\t<\/div>\n\t\t\t\t\t<\/div>\n\t\t\t\t\t<div class=\"collapse\" itemprop=\"description\" id=\"collapseExample88291291862730\">\n\t\t\t\t\t\t<p>\n<p>Personnes avec des articulations artificielles, par exemple la hanche, le genou, le dos raidi, etc. peuvent \u00eatre incin\u00e9r\u00e9s. Ceux-ci sont retir\u00e9s des cendres.<\/p>\n<\/p>\n\t\t\t\t\t\t<div class=\"spacer\"><\/div>\n\t\t\t\t\t<\/div>\n\t\t\t\t<\/div>\n\t\t\t<\/div>\n\t\t\t<div class=\"collapse-container collapsed\">\n\t\t\t\t<div class=\"card\" itemscope itemtype=\"https:\/\/schema.org\/Question\">\n\t\t\t\t\t<div class=\"\" data-bs-toggle=\"collapse\" href=\"#collapseExample43801612956987\">\n\t\t\t\t\t\t<div class=\"faq-header\"> \n\t\t\t\t\t\t\t<h5 class=\"question\" itemprop=\"name\" style=\"color:#2F5D63;\">Un stimulateur cardiaque doit-il \u00eatre retir\u00e9 pour un enterrement ?<\/h5>\n\t\t\t\t\t\t<\/div>\n\t\t\t\t\t<\/div>\n\t\t\t\t\t<div class=\"collapse\" itemprop=\"description\" id=\"collapseExample43801612956987\">\n\t\t\t\t\t\t<p>\n<p>Dans le cas d&rsquo;un enterrement, le stimulateur cardiaque n&rsquo;a pas besoin d&rsquo;\u00eatre retir\u00e9. En termes d&rsquo;\u00e9cologie, cependant, il est judicieux de retirer le stimulateur cardiaque m\u00eame en cas d\u2019enterrement.<\/p>\n<\/p>\n\t\t\t\t\t\t<div class=\"spacer\"><\/div>\n\t\t\t\t\t<\/div>\n\t\t\t\t<\/div>\n\t\t\t<\/div><\/div><div class=\"col-md-6 even\">\n\t\t\t<div class=\"collapse-container collapsed\">\n\t\t\t\t<div class=\"card\" itemscope itemtype=\"https:\/\/schema.org\/Question\">\n\t\t\t\t\t<div class=\"\" data-bs-toggle=\"collapse\" href=\"#collapseExample44001275819797\">\n\t\t\t\t\t\t<div class=\"faq-header\"> \n\t\t\t\t\t\t\t<h5 class=\"question\" itemprop=\"name\" style=\"color:#2F5D63;\">Qui peut retirer un stimulateur cardiaque ?<\/h5>\n\t\t\t\t\t\t<\/div>\n\t\t\t\t\t<\/div>\n\t\t\t\t\t<div class=\"collapse\" itemprop=\"description\" id=\"collapseExample44001275819797\">\n\t\t\t\t\t\t<p>\n<p>Le m\u00e9decin, l\u2019Institut de m\u00e9decine l\u00e9gale ou l\u2019entrepreneur de pompes fun\u00e8bres qualifi\u00e9.<\/p>\n<\/p>\n\t\t\t\t\t\t<div class=\"spacer\"><\/div>\n\t\t\t\t\t<\/div>\n\t\t\t\t<\/div>\n\t\t\t<\/div>\n\t\t\t<div class=\"collapse-container collapsed\">\n\t\t\t\t<div class=\"card\" itemscope itemtype=\"https:\/\/schema.org\/Question\">\n\t\t\t\t\t<div class=\"\" data-bs-toggle=\"collapse\" href=\"#collapseExample4359863465897\">\n\t\t\t\t\t\t<div class=\"faq-header\"> \n\t\t\t\t\t\t\t<h5 class=\"question\" itemprop=\"name\" style=\"color:#2F5D63;\">Un stimulateur cardiaque doit-il \u00eatre retir\u00e9 pour la cr\u00e9mation ?<\/h5>\n\t\t\t\t\t\t<\/div>\n\t\t\t\t\t<\/div>\n\t\t\t\t\t<div class=\"collapse\" itemprop=\"description\" id=\"collapseExample4359863465897\">\n\t\t\t\t\t\t<p>\n<p>Un stimulateur cardiaque doit \u00eatre retir\u00e9 avant la cr\u00e9mation. Les stimulateurs cardiaques explosent \u00e0 haute temp\u00e9rature et peuvent endommager le four de cr\u00e9mation ou les mat\u00e9riaux r\u00e9fractaires \u00e0 l&rsquo;int\u00e9rieur du four.<\/p>\n<\/p>\n\t\t\t\t\t\t<div class=\"spacer\"><\/div>\n\t\t\t\t\t<\/div>\n\t\t\t\t<\/div>\n\t\t\t<\/div><\/div><\/div><\/div><\/div>\n\t\t<div class=\"section faqs\">\n\t\t\t<h3 class=\"mb-5 text-center\"><\/h3>\n\t\t\t<div class=\"container-xl\">\n\t\t\t\t<div class=\"row\"><div class=\"col-md-6 odd\">\n\t\t\t<div class=\"collapse-container collapsed\">\n\t\t\t\t<div class=\"card\" itemscope itemtype=\"https:\/\/schema.org\/Question\">\n\t\t\t\t\t<div class=\"\" data-bs-toggle=\"collapse\" href=\"#collapseExample4352718844166\">\n\t\t\t\t\t\t<div class=\"faq-header\"> \n\t\t\t\t\t\t\t<h5 class=\"question\" itemprop=\"name\" style=\"color:#2F5D63;\">\u2026 Stimulateur\u2026 Pompe \u00e0 insuline\u2026 Dent en or\u2026<\/h5>\n\t\t\t\t\t\t<\/div>\n\t\t\t\t\t<\/div>\n\t\t\t\t\t<div class=\"collapse\" itemprop=\"description\" id=\"collapseExample4352718844166\">\n\t\t\t\t\t\t<p>\n<p>Apr\u00e8s la cr\u00e9mation, les cendres sont tri\u00e9es. Les m\u00e9taux usag\u00e9s (p. ex. les clous du cercueil ou le m\u00e9tal provenant des op\u00e9rations chirurgicales dans le corps) sont tri\u00e9s des cendres \u00e0 l\u2019aide d\u2019un aimant. Le m\u00e9tal pr\u00e9cieux (p. ex. une dent en or, une alliance) sont vid\u00e9s dans l&rsquo;urne avec les cendres. Les articulations artificielles (p. ex. hanche, articulation du genou, dos renforc\u00e9) sont tri\u00e9es et \u00e9limin\u00e9es.<\/p>\n<\/p>\n\t\t\t\t\t\t<div class=\"spacer\"><\/div>\n\t\t\t\t\t<\/div>\n\t\t\t\t<\/div>\n\t\t\t<\/div>\n\t\t\t<div class=\"collapse-container collapsed\">\n\t\t\t\t<div class=\"card\" itemscope itemtype=\"https:\/\/schema.org\/Question\">\n\t\t\t\t\t<div class=\"\" data-bs-toggle=\"collapse\" href=\"#collapseExample4363914610388\">\n\t\t\t\t\t\t<div class=\"faq-header\"> \n\t\t\t\t\t\t\t<h5 class=\"question\" itemprop=\"name\" style=\"color:#2F5D63;\">Peut-on proc\u00e9der \u00e0 une cr\u00e9mation si la personne d\u00e9c\u00e9d\u00e9e a une articulation artificielle de la hanche ?<\/h5>\n\t\t\t\t\t\t<\/div>\n\t\t\t\t\t<\/div>\n\t\t\t\t\t<div class=\"collapse\" itemprop=\"description\" id=\"collapseExample4363914610388\">\n\t\t\t\t\t\t<p>\n<p>Les personnes ayant des articulations artificielles, p. ex. de la hanche, du genou, un dos renforc\u00e9, etc. peuvent \u00eatre incin\u00e9r\u00e9es. Ces articulations seront retir\u00e9es des cendres.<\/p>\n<\/p>\n\t\t\t\t\t\t<div class=\"spacer\"><\/div>\n\t\t\t\t\t<\/div>\n\t\t\t\t<\/div>\n\t\t\t<\/div><\/div><div class=\"col-md-6 even\">\n\t\t\t<div class=\"collapse-container collapsed\">\n\t\t\t\t<div class=\"card\" itemscope itemtype=\"https:\/\/schema.org\/Question\">\n\t\t\t\t\t<div class=\"\" data-bs-toggle=\"collapse\" href=\"#collapseExample43892014187411\">\n\t\t\t\t\t\t<div class=\"faq-header\"> \n\t\t\t\t\t\t\t<h5 class=\"question\" itemprop=\"name\" style=\"color:#2F5D63;\">Qu&rsquo;arrive-t-il \u00e0 une articulation artificielle de la hanche apr\u00e8s la cr\u00e9mation ?<\/h5>\n\t\t\t\t\t\t<\/div>\n\t\t\t\t\t<\/div>\n\t\t\t\t\t<div class=\"collapse\" itemprop=\"description\" id=\"collapseExample43892014187411\">\n\t\t\t\t\t\t<p>\n<p>Les articulations artificielles sont tri\u00e9es \u00e0 partir des cendres et \u00e9limin\u00e9es.<\/p>\n<\/p>\n\t\t\t\t\t\t<div class=\"spacer\"><\/div>\n\t\t\t\t\t<\/div>\n\t\t\t\t<\/div>\n\t\t\t<\/div><\/div><\/div><\/div><\/div>","protected":false},"excerpt":{"rendered":"<p>La m\u00e9decine a fait de nombreuses conqu\u00eates. Il s&rsquo;agit notamment des stimulateurs cardiaques ou d&rsquo;autres \u00e9l\u00e9ments \u00e9trangers \u00e0 notre corps.<\/p>\n","protected":false},"author":6,"featured_media":0,"parent":0,"menu_order":0,"comment_status":"closed","ping_status":"closed","template":"","meta":{"_acf_changed":false,"ep_latitude":0,"ep_longitude":0,"ep_address":"","ep_exclude_from_search":false,"_vp_format_video_url":"","_vp_image_focal_point":[],"footnotes":""},"class_list":["post-4016","page","type-page","status-publish","hentry"],"acf":{"font":"","background_shape":"type3"},"_links":{"self":[{"href":"https:\/\/bestatter.ch\/fr\/wp-json\/wp\/v2\/pages\/4016","targetHints":{"allow":["GET"]}}],"collection":[{"href":"https:\/\/bestatter.ch\/fr\/wp-json\/wp\/v2\/pages"}],"about":[{"href":"https:\/\/bestatter.ch\/fr\/wp-json\/wp\/v2\/types\/page"}],"author":[{"embeddable":true,"href":"https:\/\/bestatter.ch\/fr\/wp-json\/wp\/v2\/users\/6"}],"replies":[{"embeddable":true,"href":"https:\/\/bestatter.ch\/fr\/wp-json\/wp\/v2\/comments?post=4016"}],"version-history":[{"count":0,"href":"https:\/\/bestatter.ch\/fr\/wp-json\/wp\/v2\/pages\/4016\/revisions"}],"wp:attachment":[{"href":"https:\/\/bestatter.ch\/fr\/wp-json\/wp\/v2\/media?parent=4016"}],"curies":[{"name":"wp","href":"https:\/\/api.w.org\/{rel}","templated":true}]}}