{"id":3906,"date":"2021-07-30T08:00:41","date_gmt":"2021-07-30T07:00:41","guid":{"rendered":"https:\/\/bestatterportal.ch\/home\/"},"modified":"2023-01-20T15:10:48","modified_gmt":"2023-01-20T14:10:48","slug":"home","status":"publish","type":"page","link":"https:\/\/bestatter.ch\/fr\/home\/","title":{"rendered":"home"},"content":{"rendered":"<div class=\"section  dot-bg hero\">\n      <div class=\"container-xl\">\n        <div class=\"row row-cols-1 row-cols-md-2 align-items-center\">\n          <div class=\"col\">\n            <div class=\"get-child-height\">\n              <img decoding=\"async\" class=\"img-oversized smaller\" src=\"https:\/\/bestatter.ch\/wp-content\/uploads\/2022\/04\/vater-kind.png\" alt=\"\">\n            <\/div>\n          <\/div>\n          <div class=\"col ps-lg-3 ps-xxl-5 text\">\n            <p class=\"newp\">\n                    Cher parrain            <\/p>\n            <h2 class=\" newh1\">\n            Ce que tu m'as montr\u00e9 me restera toute ma vie.            <\/h2>\n          <\/div>\n        <\/div>\n      <\/div>\n    <\/div> ","protected":false},"excerpt":{"rendered":"<p>Cher tr\u00e9sor Merci pour ces aventures inoubliables.<\/p>\n","protected":false},"author":6,"featured_media":0,"parent":0,"menu_order":0,"comment_status":"closed","ping_status":"closed","template":"home.php","meta":{"_acf_changed":false,"ep_latitude":0,"ep_longitude":0,"ep_address":"","ep_exclude_from_search":false,"_vp_format_video_url":"","_vp_image_focal_point":[],"footnotes":""},"class_list":["post-3906","page","type-page","status-publish","hentry"],"acf":{"headingh2":" Vous posez une question personnelle ?","headingh3":"Trouver la bonne entreprise de pompes fun\u00e8bres","headingh5":"  Trouvez la bonne entreprise de pompes fun\u00e8bres.","headingh6":"Des questions en suspens ?","headingh7":"Trouvez la bonne entreprise de pompes fun\u00e8bres.","headingh8":"  Trouvez la bonne entreprise de pompes fun\u00e8bres.","headingh9":"T\u00e9l\u00e9chargements","headingh10":"Contact","imagei6":{"ID":3533,"id":3533,"title":"Schweiz. Verband der Bestattungsdienste Une \u00e9claboussure de peinture bleue sur fond vert.","filename":"fleck2-min.png","filesize":53916,"url":"https:\/\/bestatter.ch\/wp-content\/uploads\/2021\/08\/fleck2-min.png","link":"https:\/\/bestatter.ch\/fr\/fleck2-min-2\/","alt":"Schweiz. Verband der Bestattungsdienste Une \u00e9claboussure de peinture bleue sur fond vert.","author":"6","description":"Schweiz. Verband der Bestattungsdienste Une \u00e9claboussure de peinture bleue sur fond vert.","caption":"Schweiz. Verband der Bestattungsdienste Une \u00e9claboussure de peinture bleue sur fond vert.","name":"fleck2-min-2","status":"inherit","uploaded_to":0,"date":"2021-08-02 15:12:32","modified":"2025-04-08 07:21:44","menu_order":0,"mime_type":"image\/png","type":"image","subtype":"png","icon":"https:\/\/bestatter.ch\/wp-includes\/images\/media\/default.png","width":408,"height":474,"sizes":{"thumbnail":"https:\/\/bestatter.ch\/wp-content\/uploads\/2021\/08\/fleck2-min-150x150.png","thumbnail-width":150,"thumbnail-height":150,"medium":"https:\/\/bestatter.ch\/wp-content\/uploads\/2021\/08\/fleck2-min-258x300.png","medium-width":258,"medium-height":300,"medium_large":"https:\/\/bestatter.ch\/wp-content\/uploads\/2021\/08\/fleck2-min.png","medium_large-width":408,"medium_large-height":474,"large":"https:\/\/bestatter.ch\/wp-content\/uploads\/2021\/08\/fleck2-min.png","large-width":408,"large-height":474,"1536x1536":"https:\/\/bestatter.ch\/wp-content\/uploads\/2021\/08\/fleck2-min.png","1536x1536-width":408,"1536x1536-height":474,"2048x2048":"https:\/\/bestatter.ch\/wp-content\/uploads\/2021\/08\/fleck2-min.png","2048x2048-width":408,"2048x2048-height":474,"vp_sm":"https:\/\/bestatter.ch\/wp-content\/uploads\/2021\/08\/fleck2-min.png","vp_sm-width":408,"vp_sm-height":474,"vp_md":"https:\/\/bestatter.ch\/wp-content\/uploads\/2021\/08\/fleck2-min.png","vp_md-width":408,"vp_md-height":474,"vp_lg":"https:\/\/bestatter.ch\/wp-content\/uploads\/2021\/08\/fleck2-min.png","vp_lg-width":408,"vp_lg-height":474,"vp_xl":"https:\/\/bestatter.ch\/wp-content\/uploads\/2021\/08\/fleck2-min.png","vp_xl-width":408,"vp_xl-height":474,"vp_sm_popup":"https:\/\/bestatter.ch\/wp-content\/uploads\/2021\/08\/fleck2-min.png","vp_sm_popup-width":408,"vp_sm_popup-height":474,"vp_md_popup":"https:\/\/bestatter.ch\/wp-content\/uploads\/2021\/08\/fleck2-min.png","vp_md_popup-width":408,"vp_md_popup-height":474,"vp_xl_popup":"https:\/\/bestatter.ch\/wp-content\/uploads\/2021\/08\/fleck2-min.png","vp_xl_popup-width":408,"vp_xl_popup-height":474}},"imagei8":{"ID":3548,"id":3548,"title":"afk4s-m9zoq","filename":"afk4s-m9zoq.svg","filesize":288810,"url":"https:\/\/bestatter.ch\/wp-content\/uploads\/2021\/08\/afk4s-m9zoq.svg","link":"https:\/\/bestatter.ch\/fr\/afk4s-m9zoq-2\/","alt":"","author":"6","description":"","caption":"","name":"afk4s-m9zoq-2","status":"inherit","uploaded_to":0,"date":"2021-08-03 07:32:07","modified":"2025-04-08 07:21:44","menu_order":0,"mime_type":"image\/svg+xml","type":"image","subtype":"svg+xml","icon":"https:\/\/bestatter.ch\/wp-includes\/images\/media\/default.png","width":800,"height":677,"sizes":{"thumbnail":"https:\/\/bestatter.ch\/wp-content\/uploads\/2021\/08\/afk4s-m9zoq.svg","thumbnail-width":800,"thumbnail-height":677,"medium":"https:\/\/bestatter.ch\/wp-content\/uploads\/2021\/08\/afk4s-m9zoq.svg","medium-width":800,"medium-height":677,"medium_large":"https:\/\/bestatter.ch\/wp-content\/uploads\/2021\/08\/afk4s-m9zoq.svg","medium_large-width":800,"medium_large-height":677,"large":"https:\/\/bestatter.ch\/wp-content\/uploads\/2021\/08\/afk4s-m9zoq.svg","large-width":800,"large-height":677,"1536x1536":"https:\/\/bestatter.ch\/wp-content\/uploads\/2021\/08\/afk4s-m9zoq.svg","1536x1536-width":800,"1536x1536-height":677,"2048x2048":"https:\/\/bestatter.ch\/wp-content\/uploads\/2021\/08\/afk4s-m9zoq.svg","2048x2048-width":800,"2048x2048-height":677,"vp_sm":"https:\/\/bestatter.ch\/wp-content\/uploads\/2021\/08\/afk4s-m9zoq.svg","vp_sm-width":800,"vp_sm-height":677,"vp_md":"https:\/\/bestatter.ch\/wp-content\/uploads\/2021\/08\/afk4s-m9zoq.svg","vp_md-width":800,"vp_md-height":677,"vp_lg":"https:\/\/bestatter.ch\/wp-content\/uploads\/2021\/08\/afk4s-m9zoq.svg","vp_lg-width":800,"vp_lg-height":677,"vp_xl":"https:\/\/bestatter.ch\/wp-content\/uploads\/2021\/08\/afk4s-m9zoq.svg","vp_xl-width":800,"vp_xl-height":677,"vp_sm_popup":"https:\/\/bestatter.ch\/wp-content\/uploads\/2021\/08\/afk4s-m9zoq.svg","vp_sm_popup-width":800,"vp_sm_popup-height":677,"vp_md_popup":"https:\/\/bestatter.ch\/wp-content\/uploads\/2021\/08\/afk4s-m9zoq.svg","vp_md_popup-width":800,"vp_md_popup-height":677,"vp_xl_popup":"https:\/\/bestatter.ch\/wp-content\/uploads\/2021\/08\/afk4s-m9zoq.svg","vp_xl_popup-width":800,"vp_xl_popup-height":677}},"slideimage":{"ID":3548,"id":3548,"title":"afk4s-m9zoq","filename":"afk4s-m9zoq.svg","filesize":288810,"url":"https:\/\/bestatter.ch\/wp-content\/uploads\/2021\/08\/afk4s-m9zoq.svg","link":"https:\/\/bestatter.ch\/fr\/afk4s-m9zoq-2\/","alt":"","author":"6","description":"","caption":"","name":"afk4s-m9zoq-2","status":"inherit","uploaded_to":0,"date":"2021-08-03 07:32:07","modified":"2025-04-08 07:21:44","menu_order":0,"mime_type":"image\/svg+xml","type":"image","subtype":"svg+xml","icon":"https:\/\/bestatter.ch\/wp-includes\/images\/media\/default.png","width":800,"height":677,"sizes":{"thumbnail":"https:\/\/bestatter.ch\/wp-content\/uploads\/2021\/08\/afk4s-m9zoq.svg","thumbnail-width":800,"thumbnail-height":677,"medium":"https:\/\/bestatter.ch\/wp-content\/uploads\/2021\/08\/afk4s-m9zoq.svg","medium-width":800,"medium-height":677,"medium_large":"https:\/\/bestatter.ch\/wp-content\/uploads\/2021\/08\/afk4s-m9zoq.svg","medium_large-width":800,"medium_large-height":677,"large":"https:\/\/bestatter.ch\/wp-content\/uploads\/2021\/08\/afk4s-m9zoq.svg","large-width":800,"large-height":677,"1536x1536":"https:\/\/bestatter.ch\/wp-content\/uploads\/2021\/08\/afk4s-m9zoq.svg","1536x1536-width":800,"1536x1536-height":677,"2048x2048":"https:\/\/bestatter.ch\/wp-content\/uploads\/2021\/08\/afk4s-m9zoq.svg","2048x2048-width":800,"2048x2048-height":677,"vp_sm":"https:\/\/bestatter.ch\/wp-content\/uploads\/2021\/08\/afk4s-m9zoq.svg","vp_sm-width":800,"vp_sm-height":677,"vp_md":"https:\/\/bestatter.ch\/wp-content\/uploads\/2021\/08\/afk4s-m9zoq.svg","vp_md-width":800,"vp_md-height":677,"vp_lg":"https:\/\/bestatter.ch\/wp-content\/uploads\/2021\/08\/afk4s-m9zoq.svg","vp_lg-width":800,"vp_lg-height":677,"vp_xl":"https:\/\/bestatter.ch\/wp-content\/uploads\/2021\/08\/afk4s-m9zoq.svg","vp_xl-width":800,"vp_xl-height":677,"vp_sm_popup":"https:\/\/bestatter.ch\/wp-content\/uploads\/2021\/08\/afk4s-m9zoq.svg","vp_sm_popup-width":800,"vp_sm_popup-height":677,"vp_md_popup":"https:\/\/bestatter.ch\/wp-content\/uploads\/2021\/08\/afk4s-m9zoq.svg","vp_md_popup-width":800,"vp_md_popup-height":677,"vp_xl_popup":"https:\/\/bestatter.ch\/wp-content\/uploads\/2021\/08\/afk4s-m9zoq.svg","vp_xl_popup-width":800,"vp_xl_popup-height":677}},"subheading":"Ch\u00e8re Grand-m\u00e8re","subheadings2":"Vous avez des questions ?","textt2":" Le portail bestatter.ch r\u00e9pond \u00e0 toutes vos questions sur les th\u00e8mes des obs\u00e8ques et de la pr\u00e9voyance fun\u00e9raire. Lorem ipsum","textt3":" Lorem ipsum dolor sit amet, consetetur sadipscing elitr, sed diam nonumy eirmod tempor invidunt ut labore et dolore magna aliquyam erat, sed diam voluptua. At vero eos et accusam et justo duo dolores et ea rebum. Stet clita kasd gubergren, no sea takimata sanctus est Lorem ipsum dolor sit amet.","textt5":" Lorem ipsum dolor sit amet, consetetur sadipscing elitr, sed diam nonumy eirmod tempor invidunt ut labore et dolore magna aliquyam erat, sed diam voluptua. At vero eos et accusam et justo duo dolores et ea rebum. Stet clita kasd gubergren, no sea takimata sanctus est Lorem ipsum dolor sit amet. Lorem ipsum dolor sit amet, consetetur sadipscing elitr, sed diam nonumy eirmod tempor invidunt ut labore et dolore magna aliquyam erat, sed diam voluptua. At vero eos et accusam et justo duo dolores et ea rebum. Stet clita kasd gubergren, no sea takimata sanctus est Lorem ipsum dolor sit amet.","textt6":"Notre fonction de recherche intelligente nous permet de trouver les r\u00e9ponses","textt7":"<p>Lorem ipsum dolor sit amet, consetetur sadipscing elitr, sed diam nonumy eirmod tempor invidunt ut labore et dolore magna aliquyam erat, sed diam voluptua. At vero eos et accusam et justo duo dolores et ea rebum. Stet clita kasd gubergren, no sea takimata sanctus est Lorem ipsum dolor sit amet. Lorem ipsum dolor sit amet, consetetur sadipscing elitr, sed diam nonumy eirmod tempor invidunt ut labore et dolore magna aliquyam erat, sed diam voluptua. At vero eos et accusam et justo duo dolores et ea rebum. Stet clita kasd gubergren, no sea takimata sanctus est Lorem ipsum dolor sit amet.<\/p>\n","textt8":" Lorem ipsum dolor sit amet, consetetur sadipscing elitr, sed diam nonumy eirmod tempor invidunt ut labore et dolore magna aliquyam erat, sed diam voluptua. At vero eos et accusam et justo duo dolores et ea rebum. Stet clita kasd gubergren, no sea takimata sanctus est Lorem ipsum dolor sit amet. Lorem ipsum dolor sit amet, consetetur sadipscing elitr, sed diam nonumy eirmod tempor invidunt ut labore et dolore magna aliquyam erat, sed diam voluptua. At vero eos et accusam et justo duo dolores et ea rebum. Stet clita kasd gubergren, no sea takimata sanctus est Lorem ipsum dolor sit amet. <\/p>","textt10":" Tu n'as pas encore trouv\u00e9 ce que tu cherches ? Tu peux volontiers prendre contact avec le comit\u00e9 de l'Association suisse des pompes fun\u00e8bres.","textt15":" Lorem ipsum dolor sit amet, consetetur sadipscing elitr, sed diam nonumy eirmod tempor invidunt ut labore et dolore magna aliquyam erat, sed diam voluptua. At vero eos et accusam et justo duo dolores et ea rebum. Stet clita kasd gubergren, no sea takimata sanctus est Lorem ipsum dolor sit amet. Lorem ipsum dolor sit amet, consetetur sadipscing elitr, sed diam nonumy eirmod tempor invidunt ut labore et dolore magna aliquyam erat, sed diam voluptua. At vero eos et accusam et justo duo dolores et ea rebum. Stet clita kasd gubergren, no sea takimata sanctus est Lorem ipsum dolor sit amet.","font":"","background_shape":"type3"},"_links":{"self":[{"href":"https:\/\/bestatter.ch\/fr\/wp-json\/wp\/v2\/pages\/3906","targetHints":{"allow":["GET"]}}],"collection":[{"href":"https:\/\/bestatter.ch\/fr\/wp-json\/wp\/v2\/pages"}],"about":[{"href":"https:\/\/bestatter.ch\/fr\/wp-json\/wp\/v2\/types\/page"}],"author":[{"embeddable":true,"href":"https:\/\/bestatter.ch\/fr\/wp-json\/wp\/v2\/users\/6"}],"replies":[{"embeddable":true,"href":"https:\/\/bestatter.ch\/fr\/wp-json\/wp\/v2\/comments?post=3906"}],"version-history":[{"count":0,"href":"https:\/\/bestatter.ch\/fr\/wp-json\/wp\/v2\/pages\/3906\/revisions"}],"wp:attachment":[{"href":"https:\/\/bestatter.ch\/fr\/wp-json\/wp\/v2\/media?parent=3906"}],"curies":[{"name":"wp","href":"https:\/\/api.w.org\/{rel}","templated":true}]}}