{"id":3870,"date":"2021-08-16T05:36:30","date_gmt":"2021-08-16T04:36:30","guid":{"rendered":"https:\/\/bestatterportal.ch\/impression-de-deuil-circulaire-de-deuil-avis-de-deces-remerciements-2\/"},"modified":"2025-04-08T08:22:07","modified_gmt":"2025-04-08T07:22:07","slug":"impression-de-deuil-circulaire-de-deuil-avis-de-deces-remerciements-2","status":"publish","type":"page","link":"https:\/\/bestatter.ch\/fr\/impression-de-deuil-circulaire-de-deuil-avis-de-deces-remerciements-2\/","title":{"rendered":"Impression de deuil Circulaire de deuil Avis de d\u00e9c\u00e8s Remerciements 2"},"content":{"rendered":"<div class=\"dot-bg hero\">\n      <div class=\"container-xl\">\n        <div class=\"row row-cols-1 row-cols-md-2 align-items-center\">\n \n          <div class=\"col\">\n            <div class=\"get-child-height\">\n                \n             \n \n    <img decoding=\"async\" class=\"img-oversized\" style=\" \" src=\"https:\/\/bestatter.ch\/wp-content\/uploads\/2021\/08\/sohn-mami-1.avif\" \/>\n\n            <\/div>\n          <\/div>\n          <div class=\"col ps-lg-3 ps-xxl-5 text\">\n            <p class=\"newp\">\n                    Ch\u00e8re maman            <\/p>\n            <h1 class=\" newh1\">\n            les promenades dans le parc ont toujours \u00e9t\u00e9 tr\u00e8s importantes pour moi.            <\/h1>\n          <\/div>\n        <\/div> \n      <\/div>\n      <style type=\"text\/css\">\n          .newh1{\n            color: #2f5d63 ;\n           \n            }\n\n           .newp{\n            color:  ;\n           \n            }\n        \n          \n           \n    <\/style>\n    <\/div>\n<p>test<\/p>\n","protected":false},"excerpt":{"rendered":"<p>Lorem ipsum dolor sit amet, consetetur sadipscing elitr, sed diam nonumy eirmod tempor invidunt ut labore et dolore magna<\/p>\n","protected":false},"author":6,"featured_media":3551,"parent":0,"menu_order":0,"comment_status":"closed","ping_status":"closed","template":"","meta":{"_acf_changed":false,"ep_latitude":0,"ep_longitude":0,"ep_address":"","ep_exclude_from_search":false,"_vp_format_video_url":"","_vp_image_focal_point":[],"footnotes":""},"class_list":["post-3870","page","type-page","status-publish","has-post-thumbnail","hentry"],"acf":{"font":"","background_shape":"type4"},"_links":{"self":[{"href":"https:\/\/bestatter.ch\/fr\/wp-json\/wp\/v2\/pages\/3870","targetHints":{"allow":["GET"]}}],"collection":[{"href":"https:\/\/bestatter.ch\/fr\/wp-json\/wp\/v2\/pages"}],"about":[{"href":"https:\/\/bestatter.ch\/fr\/wp-json\/wp\/v2\/types\/page"}],"author":[{"embeddable":true,"href":"https:\/\/bestatter.ch\/fr\/wp-json\/wp\/v2\/users\/6"}],"replies":[{"embeddable":true,"href":"https:\/\/bestatter.ch\/fr\/wp-json\/wp\/v2\/comments?post=3870"}],"version-history":[{"count":0,"href":"https:\/\/bestatter.ch\/fr\/wp-json\/wp\/v2\/pages\/3870\/revisions"}],"wp:featuredmedia":[{"embeddable":true,"href":"https:\/\/bestatter.ch\/fr\/wp-json\/wp\/v2\/media\/3551"}],"wp:attachment":[{"href":"https:\/\/bestatter.ch\/fr\/wp-json\/wp\/v2\/media?parent=3870"}],"curies":[{"name":"wp","href":"https:\/\/api.w.org\/{rel}","templated":true}]}}